{"id":7597,"date":"2022-01-21T10:28:33","date_gmt":"2022-01-21T09:28:33","guid":{"rendered":"https:\/\/razvoj.aluo.uni-lj.si\/internationally\/tutorship\/"},"modified":"2022-01-21T10:28:33","modified_gmt":"2022-01-21T09:28:33","slug":"tutorship","status":"publish","type":"page","link":"https:\/\/www.aluo.uni-lj.si\/en\/internationally\/tutorship\/","title":{"rendered":"Tutorship"},"content":{"rendered":"<p>Tutorski sistem za tuje \u0161tudente je uspe\u0161en sistem neposredne podpore \u0161tudentom, ki pri nas gostujejo preko programov Erasmus+ ali drugih izmenjav. Tak\u0161na podpora je klju\u010dna zlasti v prvih te\u017eavnih tednih aklimatizacije pa tudi kasneje, saj tutorji tujim \u0161tudentom pomagajo pri vklju\u010devanju v \u0161ir\u0161o akademsko in univerzitetno skupnostjo.<\/p>\n<p>Za tutorstvo se najve\u010dkrat odlo\u010dijo \u0161tudenti, ki so \u017ee bili na izmenjavi in prepoznajo pomembnost tak\u0161ega stika iz lastne izku\u0161nje v tujini ali pa tisti, ki \u0161ele imajo namen oditi v tujino in tako lahko v naprej spoznajo naravo tak\u0161ne izku\u0161nje tr tudi krepijo druga znanja.<\/p>\n<p>&nbsp;<\/p>\n<p><strong><u>Kaj po\u010dne tutor \u0161tudent?<br \/>\n<\/u><\/strong><\/p>\n<p>Tutorji \u0161tudenti tujim \u0161tudentom pomagajo pri administrativnih zadevah, jih sprejmejo ob prihodu v Slovenijo in jim pomagajo pri iskanju nastanitve. Poleg tega jih usmerjajo skozi \u0161tudij, jim svetujejo, predstavijo ob\u0161tudijsko dogajanje, jih obve\u0161\u010dajo o razli\u010dnih dogodkih, lahko pa se z njimi dru\u017eijo tudi v prostem \u010dasu in jim tako pomagajo pri vklju\u010devanju v slovensko okolje.<\/p>\n<p><strong><u>Kdo lahko postane tutor \u0161tudent?<br \/>\n<\/u><\/strong><\/p>\n<p>Tutor \u0161tudent je lahko vsak \u0161tudent 1. ali 2. stopnje \u0161tudija na UL ALUO, ki je uspe\u0161no zaklju\u010dil prvi letnik \u0161tudija in se je udele\u017eil usposabljanja za tutorje. Mandat tutorja \u0161tudenta traja eno \u0161tudijsko leto in se lahko podalj\u0161a.<\/p>\n<p><strong><u>Zakaj je dobro biti tutor?<br \/>\n<\/u><\/strong><\/p>\n<p>Tutorji \u0161tudenti s svojim delom \u0161irijo poznanstva po celem svetu, krepijo znanje tujih jezikov, pridobijo pomembne informacije o drugih institucijah, ki jim lahko koristijo pri njihovi nameri za \u0161tudij v tujini, prav tako pa tutorstvo predstavlja dodatno kvaliteto na CV-ju.<\/p>\n<p><strong><u>Nagrada<\/u><\/strong><\/p>\n<p>Tutorji bodo za svoje aktivno delo nagrajeni tudi z dodatnimi to\u010dkami, ki jih lahko izkoristijo ob svoji prijavi na razpis Erasmus+ za dolgoro\u010dno mobilost ali prakso. Prejeli bodo potrdilo o opravljenem tutorstvu in tutorstvo bo vpisano v prilogi k diplomi, ki je lahko dobro priporo\u010dilo za bodo\u010dega delodajalca ali za \u0161tudij v tujini.<\/p>\n","protected":false},"excerpt":{"rendered":"<p>Tutorski sistem za tuje \u0161tudente je uspe\u0161en sistem neposredne podpore \u0161tudentom, ki pri nas gostujejo preko programov Erasmus+ ali drugih izmenjav. Tak\u0161na podpora je klju\u010dna zlasti v prvih te\u017eavnih tednih [&hellip;]<\/p>\n","protected":false},"author":31,"featured_media":0,"parent":4683,"menu_order":6,"comment_status":"closed","ping_status":"closed","template":"page-templates\/mednarodno.php","meta":{"_acf_changed":false,"_editorskit_title_hidden":false,"_editorskit_reading_time":0,"_editorskit_is_block_options_detached":false,"_editorskit_block_options_position":"{}","_et_pb_use_builder":"","_et_pb_old_content":"","_et_gb_content_width":"","inline_featured_image":false,"_price":"","_stock":"","_tribe_ticket_header":"","_tribe_default_ticket_provider":"","_tribe_ticket_capacity":"0","_ticket_start_date":"","_ticket_end_date":"","_tribe_ticket_show_description":"","_tribe_ticket_show_not_going":false,"_tribe_ticket_use_global_stock":"","_tribe_ticket_global_stock_level":"","_global_stock_mode":"","_global_stock_cap":"","_tribe_rsvp_for_event":"","_tribe_ticket_going_count":"","_tribe_ticket_not_going_count":"","_tribe_tickets_list":"[]","_tribe_ticket_has_attendee_info_fields":false,"footnotes":"","_tec_slr_enabled":"","_tec_slr_layout":""},"class_list":["post-7597","page","type-page","status-publish","hentry"],"acf":[],"ticketed":false,"_links":{"self":[{"href":"https:\/\/www.aluo.uni-lj.si\/en\/wp-json\/wp\/v2\/pages\/7597","targetHints":{"allow":["GET"]}}],"collection":[{"href":"https:\/\/www.aluo.uni-lj.si\/en\/wp-json\/wp\/v2\/pages"}],"about":[{"href":"https:\/\/www.aluo.uni-lj.si\/en\/wp-json\/wp\/v2\/types\/page"}],"author":[{"embeddable":true,"href":"https:\/\/www.aluo.uni-lj.si\/en\/wp-json\/wp\/v2\/users\/31"}],"replies":[{"embeddable":true,"href":"https:\/\/www.aluo.uni-lj.si\/en\/wp-json\/wp\/v2\/comments?post=7597"}],"version-history":[{"count":0,"href":"https:\/\/www.aluo.uni-lj.si\/en\/wp-json\/wp\/v2\/pages\/7597\/revisions"}],"up":[{"embeddable":true,"href":"https:\/\/www.aluo.uni-lj.si\/en\/wp-json\/wp\/v2\/pages\/4683"}],"wp:attachment":[{"href":"https:\/\/www.aluo.uni-lj.si\/en\/wp-json\/wp\/v2\/media?parent=7597"}],"curies":[{"name":"wp","href":"https:\/\/api.w.org\/{rel}","templated":true}]}}