{"id":6527,"date":"2022-01-03T13:41:50","date_gmt":"2022-01-03T12:41:50","guid":{"rendered":"https:\/\/razvoj.aluo.uni-lj.si\/student-council\/"},"modified":"2025-12-05T23:38:44","modified_gmt":"2025-12-05T22:38:44","slug":"student-council","status":"publish","type":"page","link":"https:\/\/www.aluo.uni-lj.si\/en\/aluo\/student-council\/","title":{"rendered":"Student Council"},"content":{"rendered":"<p>The UL ALUO Student Council is a body of the Academy of Fine Arts and Design (UL ALUO) and is determined by the Higher Education Act, the Statute of the University and the Rules of Procedure of the SC. The members of the Student Council are elected student representatives.<\/p>\n<p>The Student Council discusses and gives opinions to the competent bodies of the UL ALUO and the University on all matters relating to the rights and duties of students. Through the Student Council, students can participate in the bodies of the UL ALUO and give their opinions, suggestions and comments on individual issues.<\/p>\n<p>&nbsp;<\/p>\n<p><strong>The Student Council UL ALUO 2025\/2026<\/strong><\/p>\n<p>CONTACT: <a href=\"mailto:ssvetaluo@gmail.com\">ssvetaluo@gmail.com<\/a><\/p>\n<p>President:<strong> Jurij Smre\u010dnik<\/strong><\/p>\n<p>Vice-president: <strong>Nika Me\u0161ko<\/strong><\/p>\n<p><strong>Hana Besjedica<\/strong> \u2013 representative of Graphic Design<br \/>\n<strong>Sara Ana Bogataj Dolin\u0161ek<\/strong> \u2013 representative of Photography<br \/>\n<strong>Eva Lucija Krajnc<\/strong> \u2013 representative of Conservation and Restoration<br \/>\n<strong>Nika Me\u0161ko<\/strong> \u2013 representative of Painting<br \/>\n<strong>Iris Pokovec<\/strong> \u2013 representative of doctoral students<br \/>\n<strong>Leo Samsa<\/strong> \u2013 representative of Sculpture<br \/>\n<strong>Jurij Smre\u010dnik<\/strong> \u2013 representative of Applied Arts<br \/>\n<strong>Bogdan Ta\u0161kovi\u0107 Nikoli\u0107<\/strong> \u2013 representative of Video, Animation and New Media<br \/>\n<strong>Lovro Tom\u0161i\u010d<\/strong> \u2013 representative of Industrial Design<\/p>\n<p>&nbsp;<\/p>\n<p><strong>Senate: <\/strong>Hana Besjedica, Nika Me\u0161ko, Iris Pokovec<\/p>\n<p><strong>The Commission for Academic Affairs: <\/strong>Sara Ana Bogataj Dolin\u0161ek<\/p>\n<p><strong>Administrative Board: <\/strong>Lovro Tom\u0161i\u010d<\/p>\n<p><strong>The Commission for Quality Control:<\/strong> Lili Hohkraut<\/p>\n<p><strong>Academic Assembly: <\/strong>Hana Besjedica, Sara Ana Bogataj Dolin\u0161ek, Eva Lucija Krajnc, Nika Me\u0161ko, Iris Pokovec, Leo Samsa, Jurij Smre\u010dnik, Bogdan Ta\u0161kovi\u0107 Nikoli\u0107, Lovro Tom\u0161i\u010d<\/p>\n","protected":false},"excerpt":{"rendered":"<p>The UL ALUO Student Council is a body of the Academy of Fine Arts and Design (UL ALUO) and is determined by the Higher Education Act, the Statute of the [&hellip;]<\/p>\n","protected":false},"author":17,"featured_media":0,"parent":7411,"menu_order":5,"comment_status":"closed","ping_status":"closed","template":"page-templates\/studentski-svet.php","meta":{"_acf_changed":false,"_editorskit_title_hidden":false,"_editorskit_reading_time":0,"_editorskit_is_block_options_detached":false,"_editorskit_block_options_position":"{}","_et_pb_use_builder":"off","_et_pb_old_content":"","_et_gb_content_width":"","inline_featured_image":false,"_price":"","_stock":"","_tribe_ticket_header":"","_tribe_default_ticket_provider":"","_tribe_ticket_capacity":"0","_ticket_start_date":"","_ticket_end_date":"","_tribe_ticket_show_description":"","_tribe_ticket_show_not_going":false,"_tribe_ticket_use_global_stock":"","_tribe_ticket_global_stock_level":"","_global_stock_mode":"","_global_stock_cap":"","_tribe_rsvp_for_event":"","_tribe_ticket_going_count":"","_tribe_ticket_not_going_count":"","_tribe_tickets_list":"[]","_tribe_ticket_has_attendee_info_fields":false,"footnotes":"","_tec_slr_enabled":"","_tec_slr_layout":""},"class_list":["post-6527","page","type-page","status-publish","hentry"],"acf":[],"ticketed":false,"_links":{"self":[{"href":"https:\/\/www.aluo.uni-lj.si\/en\/wp-json\/wp\/v2\/pages\/6527","targetHints":{"allow":["GET"]}}],"collection":[{"href":"https:\/\/www.aluo.uni-lj.si\/en\/wp-json\/wp\/v2\/pages"}],"about":[{"href":"https:\/\/www.aluo.uni-lj.si\/en\/wp-json\/wp\/v2\/types\/page"}],"author":[{"embeddable":true,"href":"https:\/\/www.aluo.uni-lj.si\/en\/wp-json\/wp\/v2\/users\/17"}],"replies":[{"embeddable":true,"href":"https:\/\/www.aluo.uni-lj.si\/en\/wp-json\/wp\/v2\/comments?post=6527"}],"version-history":[{"count":7,"href":"https:\/\/www.aluo.uni-lj.si\/en\/wp-json\/wp\/v2\/pages\/6527\/revisions"}],"predecessor-version":[{"id":25731,"href":"https:\/\/www.aluo.uni-lj.si\/en\/wp-json\/wp\/v2\/pages\/6527\/revisions\/25731"}],"up":[{"embeddable":true,"href":"https:\/\/www.aluo.uni-lj.si\/en\/wp-json\/wp\/v2\/pages\/7411"}],"wp:attachment":[{"href":"https:\/\/www.aluo.uni-lj.si\/en\/wp-json\/wp\/v2\/media?parent=6527"}],"curies":[{"name":"wp","href":"https:\/\/api.w.org\/{rel}","templated":true}]}}