{"id":5927,"date":"2021-12-06T17:43:56","date_gmt":"2021-12-06T16:43:56","guid":{"rendered":"https:\/\/razvoj.aluo.uni-lj.si\/aluo-uho\/"},"modified":"2025-07-09T13:15:12","modified_gmt":"2025-07-09T11:15:12","slug":"aluo-uho","status":"publish","type":"page","link":"https:\/\/www.aluo.uni-lj.si\/en\/education-and-courses\/aluo-uho\/","title":{"rendered":"ALUO ear"},"content":{"rendered":"<p>[et_pb_section fb_built=&#8221;1&#8243; _builder_version=&#8221;4.16&#8243; min_height=&#8221;220.9px&#8221; custom_padding=&#8221;||0px|||&#8221; global_colors_info=&#8221;{}&#8221;][et_pb_row _builder_version=&#8221;4.16&#8243; background_size=&#8221;initial&#8221; background_position=&#8221;top_left&#8221; background_repeat=&#8221;repeat&#8221; min_height=&#8221;145.1px&#8221; global_colors_info=&#8221;{}&#8221;][et_pb_column type=&#8221;4_4&#8243; _builder_version=&#8221;4.16&#8243; custom_padding=&#8221;|||&#8221; global_colors_info=&#8221;{}&#8221; custom_padding__hover=&#8221;|||&#8221;][et_pb_text _builder_version=&#8221;4.27.4&#8243; background_size=&#8221;initial&#8221; background_position=&#8221;top_left&#8221; background_repeat=&#8221;repeat&#8221; min_height=&#8221;133px&#8221; global_colors_info=&#8221;{}&#8221;]<\/p>\n<p><img loading=\"lazy\" decoding=\"async\" class=\"alignnone wp-image-23517 size-fp-small\" src=\"https:\/\/www.aluo.uni-lj.si\/wp-content\/uploads\/2025\/05\/11sez_aluouho_logo-03-640x110.png\" alt=\"\" width=\"640\" height=\"110\" srcset=\"https:\/\/www.aluo.uni-lj.si\/wp-content\/uploads\/2025\/05\/11sez_aluouho_logo-03-640x110.png 640w, https:\/\/www.aluo.uni-lj.si\/wp-content\/uploads\/2025\/05\/11sez_aluouho_logo-03-520x89.png 520w, https:\/\/www.aluo.uni-lj.si\/wp-content\/uploads\/2025\/05\/11sez_aluouho_logo-03-240x41.png 240w, https:\/\/www.aluo.uni-lj.si\/wp-content\/uploads\/2025\/05\/11sez_aluouho_logo-03-768x132.png 768w, https:\/\/www.aluo.uni-lj.si\/wp-content\/uploads\/2025\/05\/11sez_aluouho_logo-03.png 901w\" sizes=\"(max-width: 639px) 98vw, (max-width: 1199px) 64vw, 640px\" \/><\/p>\n<p style=\"text-align: left;\">ALUO Ear (sl. ALUO uho), guest lectures by creators and experts from various fields related to the modern concept of fine arts, design and conservation-restoration, have been organised by the UL ALUO for the past ten years. They are intended for the students of the University of Ljubljana as well as the general public. 12th season starts in autumn 2025.<\/p>\n<p><strong>You can watch recordings of the ALUO Ear lectures (from 2022 onwards) on the <a href=\"https:\/\/www.youtube.com\/playlist?list=PL0CmnlxUeKUl-7OYzrX2YAke3i-Y8P4rY\" target=\"_blank\" rel=\"noopener\">ALUO YouTube channel<\/a>.<\/strong><\/p>\n<p>&nbsp;<\/p>\n<h2 style=\"text-align: left;\"><strong>Past lecturers<\/strong><\/h2>\n<p>&nbsp;<\/p>\n<p>ALUO Ear has evolved through collaboration with other institutions and originated at the Design Departments of UL ALUO under the name <strong>ALUO Design Talks<\/strong> in 2012. The first speakers were:<\/p>\n<ul>\n<li>academic year 2012-2013: <strong>Gerry Leonidas<\/strong> (GB), <strong>Ruedi Bauer<\/strong> (F\/CH)<\/li>\n<li>academic year 2013-2014: <strong>Sue Walker<\/strong> (GB)<\/li>\n<\/ul>\n<h3>Season 1 (spring 2015; pilot project under a different name: ALUO Talks)<\/h3>\n<ul>\n<li>03. 04. 2015 \u2013 Miha Feu\u0161<\/li>\n<li>10. 04. 2015 \u2013 Matija Milkovi\u010d Biloslav and An\u017ee Kokot<\/li>\n<li>24. 04. 2015 \u2013 Matej Golob<\/li>\n<li>15. 05. 2015 \u2013Metka Horvat<\/li>\n<\/ul>\n<h3>Season 2 (academic year 2015\/16; the name ALUO Ear is introduced; in cooperation with Jakopi\u010d Gallery)<\/h3>\n<ul>\n<li>18. 12. 2015 \u2013 Mina Arko in Matej Stevanovi\u010d<\/li>\n<li>26. 02. 2016 \u2013 Toma\u017e Novljan<\/li>\n<li>04. 03. 2016 \u2013 Jo\u017eef Muhovi\u010d<\/li>\n<li>11. 03. 2016 \u2013 Alen O\u017ebolt<\/li>\n<li>17. 03. 2016 \u2013 Zora \u017dbontar<\/li>\n<li>18. 03. 2016 \u2013 Neil Morley<\/li>\n<li>25. 03. 2016 \u2013 Voranc Kutnik<\/li>\n<li>01. 04. 2016 \u2013 Matija Strli\u010d<\/li>\n<li>15. 04. 2016 \u2013 Kristi Hodak<\/li>\n<li>22. 04. 2016 \u2013 Tomislav Vignjevi\u0107<\/li>\n<li>05. 05. 2016 \u2013 Eve Sussman in Simon Lee (in cooperation with Aksioma)<\/li>\n<li>13. 05. 2016 \u2013 Round table &#8220;Plaktivat&#8221;: Radovan Jenko, Ranko Novak, Toma\u017e Drozg idr. (in cooperation with TAM-TAM)<\/li>\n<li>27. 05. 2016 \u2013 Aljo\u0161a Bagola<\/li>\n<\/ul>\n<h3>Season 3 (academic year 2016\/17; in cooperation with CIP NLB)<\/h3>\n<ul>\n<li>18. 11. 2016 \u2013 Timka Grahi\u0107 in Slobodan Dedei\u0107<\/li>\n<li>18. 11. 2016 \u2013 Brigitte Borja de Mozota<\/li>\n<li>02. 12. 2016 \u2013 Manca \u0160alehar (in cooperation with LUI)<\/li>\n<li>16. 12. 2016 \u2013 Igor \u0160terk<\/li>\n<li>17. 01. 2017 \u2013 Amy Suo Wu (in cooperation with Aksioma)<\/li>\n<li>20. 01. 2017 \u2013 Jure Miku\u017e<\/li>\n<li>24. 02. 2017 \u2013 Rupert Gole<\/li>\n<li>17. 03. 2017 \u2013 Rok Kuhar<\/li>\n<li>24. 03. 2017 \u2013 Andra\u017e Logar<\/li>\n<li>30. 03. 2017 \u2013 Andrej Zdravi\u010d<\/li>\n<li>31. 03. 2017 \u2013 Ale\u0161 Pustovrh<\/li>\n<li>07. 04. 2017 \u2013 Maja Bogataj Jan\u010di\u010d<\/li>\n<li>14. 04. 2017 \u2013 Igor Medjugorac<\/li>\n<li>20. 04. 2017 \u2013 Zoran Smiljani\u0107<\/li>\n<li>05. 05. 2017 \u2013 Bo\u0161tjan Ro\u0161kar<\/li>\n<li>09. 05. 2017 \u2013 Suzana Brborovi\u0107 and Kristina Semenova<\/li>\n<li>12. 05. 2017 \u2013 Irena Predali\u010d<\/li>\n<li>23. 05. 2017 \u2013 Barbka Gosar Hirci<\/li>\n<\/ul>\n<h3>Season 4 (academic year 2017\/18; in cooperation with Moderna Coffee Shop)<\/h3>\n<ul>\n<li>17. 11. 2017 \u2013 \u0160pela \u010cade\u017e<\/li>\n<li>01. 12. 2017 \u2013 Igor Prassel<\/li>\n<li>15. 12. 2017 \u2013 Nadja \u0160i\u010darov<\/li>\n<li>16. 02. 2018 \u2013 Uro\u0161 Mavreti\u010d<\/li>\n<li>23. 02. 2018 \u2013 Mateja Ne\u017ea Sitar<\/li>\n<li>16. 03. 2018 \u2013 \u0160pela Buda, Anina Benuli\u010d and \u017diva Cotman (in cooperation with Celtra)<\/li>\n<li>23. 03. 2018 \u2013 Vadim Fi\u0161kin<\/li>\n<li>06. 04. 2018 \u2013 Svetlana Slap\u0161ak<\/li>\n<li>13. 04. 2018 \u2013 Tomo Stani\u010d<\/li>\n<li>20. 04. 2018 \u2013 Maja Smrekar in Jurij Krpan<\/li>\n<li>11. 05. 2018 \u2013 Mladen Dolar<\/li>\n<li>18. 05. 2018 \u2013 Jos\u00e9 Luis Vicario<\/li>\n<li>25. 05. 2018 \u2013 Nina Slejko Blom and Conny Blom<\/li>\n<li>29. 05. 2018 \u2013 Olia Lialina (in cooperation with Aksioma)<\/li>\n<\/ul>\n<h3>Season 5 (academic year 2018\/19; in cooperation with MGML)<\/h3>\n<ul>\n<li>14. 12. 2018 \u2013 Janko Bo\u0161tjan\u010di\u010d<\/li>\n<li>21. 12. 2018 \u2013 Miha Colner<\/li>\n<li>04. 01. 2019 \u2013 Marko Jevti\u010d<\/li>\n<li>18. 01. 2018 \u2013 Jakob Gaj\u0161ek, Jernej Vidmar and Miha Rajh (in cooperation with LUI)<\/li>\n<li>22. 03. 2019 \u2013 Jan Cvitkovi\u010d<\/li>\n<li>01. 03. 2019 \u2013 Zala Kalan<\/li>\n<li>15. 03. 2019 \u2013 Stefan Doepner and Borut Savski<\/li>\n<li>22. 03. 2019 \u2013 Ana Peraica<\/li>\n<li>19. 04. 2019 \u2013 Maria Jos\u00e9 Goul\u00e3o<\/li>\n<li>15. 05. 2019 \u2013 Jonas Lund (in cooperation with Aksioma)<\/li>\n<\/ul>\n<h3>Season 6 (academic year 2019\/20; in cooperation with MGML)<\/h3>\n<ul>\n<li>15. 11. 2019 \u2013 Katherine Hepworth<\/li>\n<li>22. 11. 2019 \u2013 Robert Sochacki<\/li>\n<li>06. 12. 2019 \u2013 Zora \u017dbontar<\/li>\n<li>10. 01. 2020 \u2013 Milo\u0161 Kalusek<\/li>\n<li>17. 01. 2020 \u2013 Lydia Berkeens<\/li>\n<li>06. 03. 2020 \u2013 Marjetica Potr\u010d<\/li>\n<\/ul>\n<h3>Season 7 (academic year 2020\/21)<\/h3>\n<ul>\n<li>20. 11. 2020 \u2013 Marko Ko\u0161nik<\/li>\n<li>27. 11. 2020 \u2013 Ja\u0161a Vrabec, \u017diga Vrani\u010dar and Rok Klemen\u010di\u010d<\/li>\n<li>04. 12. 2020 \u2013 Johann Arens<\/li>\n<li>05. 03. 2021 \u2013 Tobias Putrih<\/li>\n<li>16. 04. 2021 \u2013 Thierno Diallo<\/li>\n<li>23. 04. 2021 \u2013 \u017diga Pilih<\/li>\n<li>21. 05. 2021 \u2013 Oliver Vodeb<\/li>\n<\/ul>\n<h3>Season 8 (academic year 2021\/22)<\/h3>\n<ul>\n<li>08. 03. 2022 \u2013 Francesco P. Zurlo<\/li>\n<li>09. 03. 2022 \u2013 David Nez<\/li>\n<li>05. 04. 2022 \u2013 Alfie Bown<\/li>\n<li>21. 04. 2022 \u2013 Gorazd Mala\u010di\u010d<\/li>\n<li>06. 05. 2022 \u2013 Nika Zupan\u010di\u010d<\/li>\n<li>10. 05. 2022 \u2013 Izar Luna\u010dek<\/li>\n<li>13. 05. 2022 \u2013 Kristina Pranji\u0107<\/li>\n<li>17. 05. 2022 \u2013 Masayo Ave<\/li>\n<li>20. 05. 2022 \u2013 Andrea Zabric<\/li>\n<\/ul>\n<h3>Season 9 (academic year 2022\/23)<\/h3>\n<ul>\n<li>07. 10. 2022 \u2013 Peter Kuper (x TINTA)<\/li>\n<li>09. 12. 2022 \u2013 Nejc Prah and Peter Stupica<\/li>\n<li>16. 12. 2022 \u2013 ZASUK: Katja Praznik and Tine Lisjak<\/li>\n<li>06. 01 2023 \u2013 Na\u0161ko Kri\u017enar and Nadja Gnamu\u0161<\/li>\n<li>17. 02. 2023 \u2013 Miran Pflaum<\/li>\n<li>24. 02. 2023 \u2013 Alenka Zupan\u010di\u010d<\/li>\n<li>10. 03. 2023 \u2013 Ksenija Jankovi\u0107<\/li>\n<li>14. 04. 2023 \u2013 Mateja Stari\u010d<\/li>\n<li>17. 04. 2023 \u2013 Jan-Erik Baars<\/li>\n<li>05. 05. 2023 \u2013 Inguna Audere and Michael Rogers<\/li>\n<li>12. 05. 2023 \u2013 Adrijan Praznik<\/li>\n<li>22. 05. 2023 \u2013 Eugeniusz Geppert Academy of Art and Design<\/li>\n<\/ul>\n<h3>Season 10 (academic year 2023\/24)<\/h3>\n<ul>\n<li>20. 10. 2023 \u2013 Andre Dekker<\/li>\n<li>27. 10. 2023 \u2013 Aleksandra Vajd<\/li>\n<li>17. 11. 2023 \u2013 Biennal Brumen &amp; past winners<\/li>\n<li>24. 11. 2023 \u2013 Anna Olszewska<\/li>\n<li>08. 12. 2023 \u2013 Barbora Kundra\u010d\u00edkov\u00e1<\/li>\n<li>15. 12. 2023 \u2013 Soft Baroque: Nicholas Gardner &amp; Sa\u0161a \u0160tucin<\/li>\n<li>26. 01. 2024 \u2013 R\u00e9mi Forte<\/li>\n<li>8. 03. 2024 \u2013 Dmitry Morozov<\/li>\n<li>15. 03. 2024 \u2013 Eva Ilec<\/li>\n<li>22. 03. 2024 \u2013 Ajdin Ba\u0161i\u0107 &amp; Mitja Miklav\u010di\u010d<\/li>\n<li>29. 03. 2024 \u2013 Breda \u0160krjanec<\/li>\n<li>05. 04. 2024 \u2013 Blanka Avgu\u0161tin Florjanovi\u010d<\/li>\n<li>12. 04. 2024 \u2013 Eva Smrekar<\/li>\n<li>07. 06. 2024 \u2013 Miha Bla\u017ei\u010d \u2013 N\u2019toko<\/li>\n<\/ul>\n<h3>Season 11 (academic year 2024\/25)<\/h3>\n<ul>\n<li>11. 10. 2024 \u2013 Nina Bunjevac<\/li>\n<li>28. 11. 2024 \u2013 \u017diga Testen<\/li>\n<li>6. 12. 2024 \u2013 Marina Rosenfeld<\/li>\n<li>13. 12. 2024 \u2013 Ljiljana Kole\u0161nik<\/li>\n<li>20. 12. 2024 \u2013 Matija Medved<\/li>\n<li>28. 02. 2025 \u2013 Luka Savi\u0107<\/li>\n<li>28. 03. 2025 \u2013 Harald Theiss<\/li>\n<li>11. 04. 2025 \u2013 Zdenka Badovinac<\/li>\n<li>24. 04. 2025 \u2013 Amanda-Li Kollberg in Siri Lee Lindskrog (Formal Settings)<\/li>\n<li>25. 04. 2025 \u2013 Jerneja Kos<\/li>\n<li>09. 05. 2025 \u2013 Kristina Kruli\u0107<\/li>\n<li>14. 05. 2025 \u2013 Mohammad Saba\u2019aneh<\/li>\n<li>16. 05. 2025 \u2013 Nana Wolke<\/li>\n<li>23. 05. 2025 \u2013 Pamela Whitaker<\/li>\n<\/ul>\n<p>[\/et_pb_text][et_pb_counters _builder_version=&#8221;4.16&#8243; _module_preset=&#8221;default&#8221; global_colors_info=&#8221;{}&#8221;][\/et_pb_counters][\/et_pb_column][\/et_pb_row][\/et_pb_section]<\/p>\n","protected":false},"excerpt":{"rendered":"<p>ALUO Ear (sl. ALUO uho),&#8230;<\/p>\n","protected":false},"author":17,"featured_media":0,"parent":6958,"menu_order":3,"comment_status":"closed","ping_status":"closed","template":"page-templates\/aluo-uho-projekti.php","meta":{"_acf_changed":false,"_editorskit_title_hidden":false,"_editorskit_reading_time":0,"_editorskit_is_block_options_detached":false,"_editorskit_block_options_position":"{}","_et_pb_use_builder":"on","_et_pb_old_content":"<!-- wp:paragraph -->\r\n<p><span class=\"VIiyi\" lang=\"sl\"><span class=\"JLqJ4b ChMk0b\" data-language-for-alternatives=\"sl\" data-language-to-translate-into=\"en\" data-phrase-index=\"0\">Akademija za likovno umetnost in oblikovanje v Ljubljani na vseh oddelkih redno organizira ob\u0161tudijske dejavnosti na razli\u010dnih podro\u010djih, ki so del na\u0161ega sodobnega koncepta likovne umetnosti in oblikovanja.<\/span> <span class=\"JLqJ4b ChMk0b\" data-language-for-alternatives=\"sl\" data-language-to-translate-into=\"en\" data-phrase-index=\"1\">\u010ceprav so ti dogodki namenjeni predvsem \u0161tudentom Akademije, so odprti tudi za \u0161ir\u0161o javnost.<\/span> <span class=\"JLqJ4b ChMk0b\" data-language-for-alternatives=\"sl\" data-language-to-translate-into=\"en\" data-phrase-index=\"2\">Vsa predavanja, razprave, okrogle mize in delavnice, ki se osredoto\u010dajo na razli\u010dna podro\u010dja dela, ve\u010dinoma z uporabo govora in zvoka, so zbrana pod skupnim imenom - ALUO uho.<\/span><\/span><\/p>\r\n<!-- \/wp:paragraph -->","_et_gb_content_width":"","inline_featured_image":false,"_price":"","_stock":"","_tribe_ticket_header":"","_tribe_default_ticket_provider":"","_tribe_ticket_capacity":"0","_ticket_start_date":"","_ticket_end_date":"","_tribe_ticket_show_description":"","_tribe_ticket_show_not_going":false,"_tribe_ticket_use_global_stock":"","_tribe_ticket_global_stock_level":"","_global_stock_mode":"","_global_stock_cap":"","_tribe_rsvp_for_event":"","_tribe_ticket_going_count":"","_tribe_ticket_not_going_count":"","_tribe_tickets_list":"[]","_tribe_ticket_has_attendee_info_fields":false,"footnotes":"","_tec_slr_enabled":"","_tec_slr_layout":""},"class_list":["post-5927","page","type-page","status-publish","hentry"],"acf":[],"ticketed":false,"_links":{"self":[{"href":"https:\/\/www.aluo.uni-lj.si\/en\/wp-json\/wp\/v2\/pages\/5927","targetHints":{"allow":["GET"]}}],"collection":[{"href":"https:\/\/www.aluo.uni-lj.si\/en\/wp-json\/wp\/v2\/pages"}],"about":[{"href":"https:\/\/www.aluo.uni-lj.si\/en\/wp-json\/wp\/v2\/types\/page"}],"author":[{"embeddable":true,"href":"https:\/\/www.aluo.uni-lj.si\/en\/wp-json\/wp\/v2\/users\/17"}],"replies":[{"embeddable":true,"href":"https:\/\/www.aluo.uni-lj.si\/en\/wp-json\/wp\/v2\/comments?post=5927"}],"version-history":[{"count":20,"href":"https:\/\/www.aluo.uni-lj.si\/en\/wp-json\/wp\/v2\/pages\/5927\/revisions"}],"predecessor-version":[{"id":24380,"href":"https:\/\/www.aluo.uni-lj.si\/en\/wp-json\/wp\/v2\/pages\/5927\/revisions\/24380"}],"up":[{"embeddable":true,"href":"https:\/\/www.aluo.uni-lj.si\/en\/wp-json\/wp\/v2\/pages\/6958"}],"wp:attachment":[{"href":"https:\/\/www.aluo.uni-lj.si\/en\/wp-json\/wp\/v2\/media?parent=5927"}],"curies":[{"name":"wp","href":"https:\/\/api.w.org\/{rel}","templated":true}]}}