{"id":2988,"date":"2020-04-16T18:02:00","date_gmt":"2020-04-16T16:02:00","guid":{"rendered":"https:\/\/razvoj.aluo.uni-lj.si\/library\/"},"modified":"2024-06-11T13:16:25","modified_gmt":"2024-06-11T11:16:25","slug":"library","status":"publish","type":"page","link":"https:\/\/www.aluo.uni-lj.si\/en\/library\/","title":{"rendered":"Library"},"content":{"rendered":"<p>[et_pb_section fb_built=&#8221;1&#8243; admin_label=&#8221;section&#8221; _builder_version=&#8221;4.16&#8243; global_colors_info=&#8221;{}&#8221;][et_pb_row column_structure=&#8221;1_2,1_2&#8243; _builder_version=&#8221;4.17.6&#8243; _module_preset=&#8221;default&#8221; global_colors_info=&#8221;{}&#8221;][et_pb_column type=&#8221;1_2&#8243; _builder_version=&#8221;4.17.6&#8243; _module_preset=&#8221;default&#8221; global_colors_info=&#8221;{}&#8221;][et_pb_image src=&#8221;https:\/\/www.aluo.uni-lj.si\/wp-content\/uploads\/2021\/12\/Knjiznica-EC-02.jpg&#8221; alt=&#8221;Osrednja knji\u017enica na Erjav\u010devi cesti 23&#8243; title_text=&#8221;Osrednja knji\u017enica na Erjav\u010devi cesti 23&#8243; _builder_version=&#8221;4.17.6&#8243; _module_preset=&#8221;default&#8221; global_colors_info=&#8221;{}&#8221;][\/et_pb_image][\/et_pb_column][et_pb_column type=&#8221;1_2&#8243; _builder_version=&#8221;4.17.6&#8243; _module_preset=&#8221;default&#8221; global_colors_info=&#8221;{}&#8221;][et_pb_image src=&#8221;https:\/\/www.aluo.uni-lj.si\/wp-content\/uploads\/2021\/12\/Knjiznica-DC-02.jpg&#8221; alt=&#8221;Knji\u017enica Oddelkov za oblikovanje na Dolenjski cesti 83&#8243; title_text=&#8221;Knji\u017enica Oddelkov za oblikovanje na Dolenjski cesti 83&#8243; _builder_version=&#8221;4.17.6&#8243; _module_preset=&#8221;default&#8221; global_colors_info=&#8221;{}&#8221;][\/et_pb_image][\/et_pb_column][\/et_pb_row][et_pb_row column_structure=&#8221;1_2,1_2&#8243; _builder_version=&#8221;4.18.0&#8243; _module_preset=&#8221;default&#8221; min_height=&#8221;391.9px&#8221; custom_padding=&#8221;||0px|||&#8221; global_colors_info=&#8221;{}&#8221;][et_pb_column type=&#8221;1_2&#8243; _builder_version=&#8221;4.18.0&#8243; _module_preset=&#8221;default&#8221; global_colors_info=&#8221;{}&#8221;][et_pb_text _builder_version=&#8221;4.18.0&#8243; _module_preset=&#8221;default&#8221; global_colors_info=&#8221;{}&#8221;]<\/p>\n<h2>Central Library<\/h2>\n<p>[\/et_pb_text][et_pb_text _builder_version=&#8221;4.18.0&#8243; _module_preset=&#8221;default&#8221; global_colors_info=&#8221;{}&#8221;]<\/p>\n<div class=\"et_pb_module et_pb_text et_pb_text_1 et_pb_text_align_left et_pb_bg_layout_light\">\n<div class=\"et_pb_text_inner\">\n<p>Erjav\u010deva cesta 23, 1000 Ljubljana<br \/><strong>T<\/strong>\u00a0<a href=\"tel:+386 1 421 25 05\">+386 1 421 25 05<\/a><br \/><strong>E<\/strong>\u00a0<a href=\"mailto:knjiznica@aluo.uni-lj.si\">knjiznica@aluo.uni-lj.si<\/a><\/p>\n<\/div>\n<\/div>\n<div class=\"et_pb_module et_pb_text et_pb_text_2 et_pb_text_align_left et_pb_bg_layout_light\">\n<div class=\"et_pb_text_inner\">\n<p>mag. Petra Jager, vodja knji\u017enice<br \/><a href=\"https:\/\/www.aluo.uni-lj.si\/en\/library\/petra.jager@aluo.uni-lj.si\">petra.jager@aluo.uni-lj.si<\/a><\/p>\n<\/div>\n<\/div>\n<div class=\"et_pb_module et_pb_text et_pb_text_3 et_pb_text_align_left et_pb_bg_layout_light\">\n<div class=\"et_pb_text_inner\">\n<h4><strong>Opening hours<\/strong><\/h4>\n<\/div>\n<\/div>\n<div class=\"et_pb_module et_pb_text et_pb_text_4 et_pb_text_align_left et_pb_bg_layout_light\">\n<div class=\"et_pb_text_inner\">\n<p>MONDAY\u2013THURSDAY<br \/>10.00\u201312.00 and 13.00\u201315.00<\/p>\n<\/div>\n<\/div>\n<div class=\"et_pb_module et_pb_text et_pb_text_5 et_pb_text_align_left et_pb_bg_layout_light\">\n<div class=\"et_pb_text_inner\">\n<p>FRIDAY<br \/>9.00\u201313.00<\/p>\n<\/div>\n<\/div>\n<p>[\/et_pb_text][\/et_pb_column][et_pb_column type=&#8221;1_2&#8243; _builder_version=&#8221;4.18.0&#8243; _module_preset=&#8221;default&#8221; global_colors_info=&#8221;{}&#8221;][et_pb_text _builder_version=&#8221;4.18.0&#8243; _module_preset=&#8221;default&#8221; custom_padding=&#8221;0px|||||&#8221; global_colors_info=&#8221;{}&#8221;]<\/p>\n<h2>Library of the Departments of Design<\/h2>\n<p>[\/et_pb_text][et_pb_text _builder_version=&#8221;4.19.1&#8243; _module_preset=&#8221;default&#8221; global_colors_info=&#8221;{}&#8221;]<\/p>\n<div class=\"et_pb_module et_pb_text et_pb_text_7 et_pb_text_align_left et_pb_bg_layout_light\">\n<div class=\"et_pb_text_inner\">\n<p>Dolenjska cesta 83, 1000 Ljubljana<br \/><strong>T<\/strong>\u00a0<a href=\"tel:+386 1 421 25 23\">+386 1 421 25 23<\/a><br \/><strong>E<\/strong>\u00a0<a href=\"https:\/\/www.aluo.uni-lj.si\/en\/library\/knjiznica@aluo.uni-lj.si\">knjiznica@aluo.uni-lj.si<\/a><\/p>\n<\/div>\n<\/div>\n<div class=\"et_pb_module et_pb_text et_pb_text_8 et_pb_text_align_left et_pb_bg_layout_light\">\n<div class=\"et_pb_text_inner\">\n<p>Mojca Man\u010dek<br \/><a href=\"https:\/\/www.aluo.uni-lj.si\/en\/library\/zdenka.lampic@aluo.uni-lj.si\">mojca.mancek@aluo.uni-lj.si<\/a><\/p>\n<\/div>\n<\/div>\n<div class=\"et_pb_module et_pb_text et_pb_text_9 et_pb_text_align_left et_pb_bg_layout_light\">\n<div class=\"et_pb_text_inner\">\n<h4><strong>Opening hours<\/strong><\/h4>\n<\/div>\n<\/div>\n<div class=\"et_pb_module et_pb_text et_pb_text_10 et_pb_text_align_left et_pb_bg_layout_light\">\n<div class=\"et_pb_text_inner\">\n<p>MONDAY\u2013THURSDAY<br \/>10.00\u201312.00 and 13.00\u201315.00<\/p>\n<\/div>\n<\/div>\n<div class=\"et_pb_module et_pb_text et_pb_text_11 et_pb_text_align_left et_pb_bg_layout_light\">\n<div class=\"et_pb_text_inner\">\n<p>FRIDAY<br \/>9.00\u201313.00<\/p>\n<p>&nbsp;<\/p>\n<p>&nbsp;<\/p>\n<\/div>\n<\/div>\n<p>[\/et_pb_text][\/et_pb_column][\/et_pb_row][\/et_pb_section]<\/p>\n","protected":false},"excerpt":{"rendered":"<p>Central Library Erjav\u010deva&#8230;<\/p>\n","protected":false},"author":17,"featured_media":0,"parent":0,"menu_order":11,"comment_status":"closed","ping_status":"closed","template":"page-templates\/knjiznica-main.php","meta":{"_acf_changed":false,"_editorskit_title_hidden":false,"_editorskit_reading_time":0,"_editorskit_is_block_options_detached":false,"_editorskit_block_options_position":"{}","_et_pb_use_builder":"on","_et_pb_old_content":"<div class=\"et_pb_column et_pb_column_1_2 et_pb_column_0 et_pb_css_mix_blend_mode_passthrough\">\r\n<div class=\"et_pb_module et_pb_text et_pb_text_0 et_pb_text_align_left et_pb_bg_layout_light\">\r\n<div class=\"et_pb_text_inner\">\r\n<h2>Osrednja knji\u017enica<\/h2>\r\n<\/div>\r\n<\/div>\r\n<div class=\"et_pb_module et_pb_text et_pb_text_1 et_pb_text_align_left et_pb_bg_layout_light\">\r\n<div class=\"et_pb_text_inner\">\r\n\r\nErjav\u010deva cesta 23, 1000 Ljubljana\r\n<strong>T<\/strong>\u00a0<a href=\"tel:+386 1 421 25 05\">+386 1 421 25 05<\/a>\r\n<strong>E<\/strong>\u00a0<a href=\"mailto:knjiznica@aluo.uni-lj.si\">knjiznica@aluo.uni-lj.si<\/a>\r\n\r\n<\/div>\r\n<\/div>\r\n<div class=\"et_pb_module et_pb_text et_pb_text_2 et_pb_text_align_left et_pb_bg_layout_light\">\r\n<div class=\"et_pb_text_inner\">\r\n\r\nmag. Petra Jager, vodja knji\u017enice\r\n<a href=\"https:\/\/www.aluo.uni-lj.si\/en\/library\/petra.jager@aluo.uni-lj.si\">petra.jager@aluo.uni-lj.si<\/a>\r\n\r\n<\/div>\r\n<\/div>\r\n<div class=\"et_pb_module et_pb_text et_pb_text_3 et_pb_text_align_left et_pb_bg_layout_light\">\r\n<div class=\"et_pb_text_inner\">\r\n<h4>Urnik<\/h4>\r\n<\/div>\r\n<\/div>\r\n<div class=\"et_pb_module et_pb_text et_pb_text_4 et_pb_text_align_left et_pb_bg_layout_light\">\r\n<div class=\"et_pb_text_inner\">\r\n\r\nPONEDELJEK\u2013\u010cETRTEK\r\n10.00\u201314.00\r\n\r\n<\/div>\r\n<\/div>\r\n<div class=\"et_pb_module et_pb_text et_pb_text_5 et_pb_text_align_left et_pb_bg_layout_light\">\r\n<div class=\"et_pb_text_inner\">\r\n\r\nPETEK\r\n10.00\u201313.00\r\n\r\n<\/div>\r\n<\/div>\r\n<\/div>\r\n<div class=\"et_pb_module et_pb_image et_pb_image_1\"><\/div>\r\n<div><\/div>\r\n<div><\/div>\r\n<div class=\"et_pb_column et_pb_column_1_2 et_pb_column_1 et_pb_css_mix_blend_mode_passthrough et-last-child\">\r\n<div class=\"et_pb_module et_pb_text et_pb_text_6 et_pb_text_align_left et_pb_bg_layout_light\">\r\n<div class=\"et_pb_text_inner\">\r\n<h2>Knji\u017enica oddelkov za oblikovanje<\/h2>\r\n<\/div>\r\n<\/div>\r\n<div class=\"et_pb_module et_pb_text et_pb_text_7 et_pb_text_align_left et_pb_bg_layout_light\">\r\n<div class=\"et_pb_text_inner\">\r\n\r\nDolenjska cesta 83, 1000 Ljubljana\r\n<strong>T<\/strong>\u00a0<a href=\"tel:+386 1 421 25 23\">+386 1 421 25 23<\/a>\r\n<strong>E<\/strong>\u00a0<a href=\"https:\/\/www.aluo.uni-lj.si\/en\/library\/knjiznica@aluo.uni-lj.si\">knjiznica@aluo.uni-lj.si<\/a>\r\n\r\n<\/div>\r\n<\/div>\r\n<div class=\"et_pb_module et_pb_text et_pb_text_8 et_pb_text_align_left et_pb_bg_layout_light\">\r\n<div class=\"et_pb_text_inner\">\r\n\r\nZdenka Lampi\u010d\r\n<a href=\"https:\/\/www.aluo.uni-lj.si\/en\/library\/zdenka.lampic@aluo.uni-lj.si\">zdenka.lampic@aluo.uni-lj.si<\/a>\r\n\r\n<\/div>\r\n<\/div>\r\n<div class=\"et_pb_module et_pb_text et_pb_text_9 et_pb_text_align_left et_pb_bg_layout_light\">\r\n<div class=\"et_pb_text_inner\">\r\n<h4>Urnik<\/h4>\r\n<\/div>\r\n<\/div>\r\n<div class=\"et_pb_module et_pb_text et_pb_text_10 et_pb_text_align_left et_pb_bg_layout_light\">\r\n<div class=\"et_pb_text_inner\">\r\n\r\nPONEDELJEK\u2013\u010cETRTEK\r\n10.00\u201314.00\r\n\r\n<\/div>\r\n<\/div>\r\n<div class=\"et_pb_module et_pb_text et_pb_text_11 et_pb_text_align_left et_pb_bg_layout_light\">\r\n<div class=\"et_pb_text_inner\">\r\n\r\nPETEK\r\n10.00\u201313.00\r\n\r\n<\/div>\r\n<\/div>\r\n<\/div>","_et_gb_content_width":"","inline_featured_image":false,"_price":"","_stock":"","_tribe_ticket_header":"","_tribe_default_ticket_provider":"","_tribe_ticket_capacity":"0","_ticket_start_date":"","_ticket_end_date":"","_tribe_ticket_show_description":"","_tribe_ticket_show_not_going":false,"_tribe_ticket_use_global_stock":"","_tribe_ticket_global_stock_level":"","_global_stock_mode":"","_global_stock_cap":"","_tribe_rsvp_for_event":"","_tribe_ticket_going_count":"","_tribe_ticket_not_going_count":"","_tribe_tickets_list":"[]","_tribe_ticket_has_attendee_info_fields":false,"footnotes":"","_tec_slr_enabled":"","_tec_slr_layout":""},"class_list":["post-2988","page","type-page","status-publish","hentry"],"acf":[],"ticketed":false,"_links":{"self":[{"href":"https:\/\/www.aluo.uni-lj.si\/en\/wp-json\/wp\/v2\/pages\/2988","targetHints":{"allow":["GET"]}}],"collection":[{"href":"https:\/\/www.aluo.uni-lj.si\/en\/wp-json\/wp\/v2\/pages"}],"about":[{"href":"https:\/\/www.aluo.uni-lj.si\/en\/wp-json\/wp\/v2\/types\/page"}],"author":[{"embeddable":true,"href":"https:\/\/www.aluo.uni-lj.si\/en\/wp-json\/wp\/v2\/users\/17"}],"replies":[{"embeddable":true,"href":"https:\/\/www.aluo.uni-lj.si\/en\/wp-json\/wp\/v2\/comments?post=2988"}],"version-history":[{"count":6,"href":"https:\/\/www.aluo.uni-lj.si\/en\/wp-json\/wp\/v2\/pages\/2988\/revisions"}],"predecessor-version":[{"id":20748,"href":"https:\/\/www.aluo.uni-lj.si\/en\/wp-json\/wp\/v2\/pages\/2988\/revisions\/20748"}],"wp:attachment":[{"href":"https:\/\/www.aluo.uni-lj.si\/en\/wp-json\/wp\/v2\/media?parent=2988"}],"curies":[{"name":"wp","href":"https:\/\/api.w.org\/{rel}","templated":true}]}}