{"id":23787,"date":"2025-05-28T12:55:10","date_gmt":"2025-05-28T10:55:10","guid":{"rendered":"https:\/\/www.aluo.uni-lj.si\/?page_id=23787"},"modified":"2026-01-05T15:32:45","modified_gmt":"2026-01-05T14:32:45","slug":"aluo-80","status":"publish","type":"page","link":"https:\/\/www.aluo.uni-lj.si\/en\/aluo-80\/","title":{"rendered":"ALUO 80"},"content":{"rendered":"<p>[et_pb_section fb_built=&#8221;1&#8243; admin_label=&#8221;section&#8221; _builder_version=&#8221;4.16&#8243; global_colors_info=&#8221;{}&#8221;][et_pb_row admin_label=&#8221;row&#8221; _builder_version=&#8221;4.16&#8243; background_size=&#8221;initial&#8221; background_position=&#8221;top_left&#8221; background_repeat=&#8221;repeat&#8221; global_colors_info=&#8221;{}&#8221;][et_pb_column type=&#8221;4_4&#8243; _builder_version=&#8221;4.16&#8243; custom_padding=&#8221;|||&#8221; global_colors_info=&#8221;{}&#8221; custom_padding__hover=&#8221;|||&#8221;][et_pb_text admin_label=&#8221;Text&#8221; _builder_version=&#8221;4.27.5&#8243; background_size=&#8221;initial&#8221; background_position=&#8221;top_left&#8221; background_repeat=&#8221;repeat&#8221; hover_enabled=&#8221;0&#8243; global_colors_info=&#8221;{}&#8221; sticky_enabled=&#8221;0&#8243;]<\/p>\n<h2 style=\"text-align: center;\">ALUO celebrates!<\/h2>\n<p style=\"text-align: center;\"><strong>Events celebrating the 80th anniversary of the Academy of Fine Arts and Design of the University of Ljubljana (UL ALUO) highlighted many things that are connected with \u2014 and connect us all with \u2014 ALUO.<\/strong><\/p>\n<p style=\"text-align: center;\"><strong>\u2022\u2022\u2022<\/strong><\/p>\n<p style=\"text-align: left;\"><strong>Project partners:<\/strong><br \/>Secondary School of Economics Ljubljana (support for the Utopian Academy event)<br \/>University Botanic Gardens Ljubljana (donation of three mahaleb cherry trees and loan of four lemon trees)<br \/>Archives of the Republic of Slovenia (host of the Academic Assembly)<br \/>Cankarjev dom, Ljubljana (co-production of the exhibition on the occasion of the 40th anniversary of the design departments)<br \/>Brumen Foundation (inclusion of the student exhibition in the EDA 2025 programme)<br \/>Matformat (support for the <em>Bombon<\/em> publication on the occasion of the 40th anniversary of the design departments)<br \/>ARS programme, the Third channel of Radio Slovenia (support for the podcast <em>Umetnost, kaj ti je? \/ ALUO80<\/em>)<br \/>Pomander (support for the Open Academy and Utopian Academy events)<br \/>Kazina Jazz Club (support for the Gala Academy event)<\/p>\n<p style=\"text-align: left;\"><strong>Members of the University of Ljubljana:<\/strong><br \/>Academy of Music, Academy of Theatre, Radio, Film and Television, Biotechnical Faculty, Faculty of Architecture, Faculty of Social Sciences, Faculty of Electrical Engineering, Faculty of Chemistry and Chemical Technology, Faculty of Social Work, Faculty of Mechanical Engineering, Faculty of Arts, Faculty of Natural Sciences and Engineering, Faculty of Law, Faculty of Veterinary Medicine<\/p>\n<p style=\"text-align: left;\"><strong>Programme committee: <\/strong>Prof. Alen O\u017ebolt, Dean of the UL ALUO, Asst. Prof. Emina Djuki\u0107, Vice-Dean of the UL ALUO, Sara Be\u0161lin Vatovec, Ur\u0161ka Rupar Vrbinc<\/p>\n<p style=\"text-align: left;\"><strong>Participation in the organisation and programme:<\/strong><br \/>Students of the UL ALUO; Mateja Vidrajz, Milena Bartelj, \u017diva Vaukan, Tilen Miheli\u010d Kurent, Branko An\u0111el, \u017diga Gori\u0161ek, David Kosi, Admir Gani\u0107 and other non-teaching and non-teaching staff of the UL ALUO; Assoc. Prof. Peter Ko\u0161trun, Asst. Prof. Primo\u017e Fijav\u017e, Prof. Sa\u0161o Sedla\u010dek and other pedagogues of the UL ALUO; Marjetica Potr\u010d, Bo\u0161tjan Narat, Ja\u0161a Koceli, Darjan Mihajlovi\u0107 Cerar, Oskar Kandare; Prof. G\u00e1bor M\u00e1t\u00e9 (MOME, HU)<\/p>\n<p style=\"text-align: left;\"><strong>ALUO 80 visual identity:<\/strong><br \/>Mina Fina, UL ALUO alumni<\/p>\n<p style=\"text-align: left;\"><img loading=\"lazy\" decoding=\"async\" src=\"https:\/\/www.aluo.uni-lj.si\/wp-content\/uploads\/2025\/05\/ALUO-80_partners-in-sponsors.jpg\" width=\"800\" height=\"556\" alt=\"\" class=\"wp-image-23824 alignnone size-full\" srcset=\"https:\/\/www.aluo.uni-lj.si\/wp-content\/uploads\/2025\/05\/ALUO-80_partners-in-sponsors.jpg 800w, https:\/\/www.aluo.uni-lj.si\/wp-content\/uploads\/2025\/05\/ALUO-80_partners-in-sponsors-432x300.jpg 432w, https:\/\/www.aluo.uni-lj.si\/wp-content\/uploads\/2025\/05\/ALUO-80_partners-in-sponsors-547x380.jpg 547w, https:\/\/www.aluo.uni-lj.si\/wp-content\/uploads\/2025\/05\/ALUO-80_partners-in-sponsors-240x167.jpg 240w, https:\/\/www.aluo.uni-lj.si\/wp-content\/uploads\/2025\/05\/ALUO-80_partners-in-sponsors-768x534.jpg 768w, https:\/\/www.aluo.uni-lj.si\/wp-content\/uploads\/2025\/05\/ALUO-80_partners-in-sponsors-640x445.jpg 640w\" sizes=\"(max-width: 639px) 98vw, (max-width: 1199px) 64vw, 770px\" \/><\/p>\n<p>[\/et_pb_text][\/et_pb_column][\/et_pb_row][\/et_pb_section]<\/p>\n","protected":false},"excerpt":{"rendered":"<p>ALUO celebrates! Events&#8230;<\/p>\n","protected":false},"author":2,"featured_media":23849,"parent":0,"menu_order":0,"comment_status":"closed","ping_status":"closed","template":"page-templates\/aluo-80-projekti.php","meta":{"_acf_changed":false,"_editorskit_title_hidden":false,"_editorskit_reading_time":0,"_editorskit_is_block_options_detached":false,"_editorskit_block_options_position":"{}","_et_pb_use_builder":"on","_et_pb_old_content":"<h1 style=\"text-align: center;\">ALUO celebrates!<\/h1>\r\n<p style=\"text-align: center;\">We invite you to join us at the events celebrating the 80th anniversary of the Academy of Fine Arts and Design of the University of Ljubljana (UL ALUO), which highlight many other things that are connected with \u2014 and connect us and you with \u2014 ALUO:<\/p>\r\n<p style=\"text-align: center;\"><strong>5. 6.<\/strong>\r\n<strong>OPEN Academy<\/strong>\r\n<strong>UL ALUO, all three locations<\/strong>\r\nOpening events of the student exhibition on the occasion of the end of the academic year.<\/p>\r\n<p style=\"text-align: center;\"><strong>13. 6.<\/strong>\r\n<strong>UTOPIAN Academy<\/strong>\r\n<strong>Ro\u0161ka cesta<\/strong>\r\nPerformative manifestation at a future location of the UL ALUO.<\/p>\r\n<p style=\"text-align: center;\"><strong>16. 6.<\/strong>\r\n<strong>GALA Academy<\/strong>\r\n<strong>Congress square<\/strong>\r\nAs part of the University of Ljubljana's Day of the Arts & with a Student Art Fair.<\/p>","_et_gb_content_width":"","inline_featured_image":false,"_price":"","_stock":"","_tribe_ticket_header":"","_tribe_default_ticket_provider":"","_tribe_ticket_capacity":"0","_ticket_start_date":"","_ticket_end_date":"","_tribe_ticket_show_description":"","_tribe_ticket_show_not_going":false,"_tribe_ticket_use_global_stock":"","_tribe_ticket_global_stock_level":"","_global_stock_mode":"","_global_stock_cap":"","_tribe_rsvp_for_event":"","_tribe_ticket_going_count":"","_tribe_ticket_not_going_count":"","_tribe_tickets_list":"[]","_tribe_ticket_has_attendee_info_fields":false,"footnotes":"","_tec_slr_enabled":"","_tec_slr_layout":""},"class_list":["post-23787","page","type-page","status-publish","has-post-thumbnail","hentry"],"acf":[],"ticketed":false,"_links":{"self":[{"href":"https:\/\/www.aluo.uni-lj.si\/en\/wp-json\/wp\/v2\/pages\/23787","targetHints":{"allow":["GET"]}}],"collection":[{"href":"https:\/\/www.aluo.uni-lj.si\/en\/wp-json\/wp\/v2\/pages"}],"about":[{"href":"https:\/\/www.aluo.uni-lj.si\/en\/wp-json\/wp\/v2\/types\/page"}],"author":[{"embeddable":true,"href":"https:\/\/www.aluo.uni-lj.si\/en\/wp-json\/wp\/v2\/users\/2"}],"replies":[{"embeddable":true,"href":"https:\/\/www.aluo.uni-lj.si\/en\/wp-json\/wp\/v2\/comments?post=23787"}],"version-history":[{"count":26,"href":"https:\/\/www.aluo.uni-lj.si\/en\/wp-json\/wp\/v2\/pages\/23787\/revisions"}],"predecessor-version":[{"id":25933,"href":"https:\/\/www.aluo.uni-lj.si\/en\/wp-json\/wp\/v2\/pages\/23787\/revisions\/25933"}],"wp:featuredmedia":[{"embeddable":true,"href":"https:\/\/www.aluo.uni-lj.si\/en\/wp-json\/wp\/v2\/media\/23849"}],"wp:attachment":[{"href":"https:\/\/www.aluo.uni-lj.si\/en\/wp-json\/wp\/v2\/media?parent=23787"}],"curies":[{"name":"wp","href":"https:\/\/api.w.org\/{rel}","templated":true}]}}