{"id":10741,"date":"2022-02-25T12:50:06","date_gmt":"2022-02-25T11:50:06","guid":{"rendered":"https:\/\/razvoj.aluo.uni-lj.si\/aluo\/help-in-distress\/"},"modified":"2026-02-06T16:34:27","modified_gmt":"2026-02-06T15:34:27","slug":"help-in-distress","status":"publish","type":"page","link":"https:\/\/www.aluo.uni-lj.si\/en\/aluo\/help-in-distress\/","title":{"rendered":"Help in distress"},"content":{"rendered":"<p><strong>The University of Ljubljana has adopted the <a href=\"https:\/\/aluo.uni-lj.si\/wp-content\/uploads\/2022\/02\/Pravilnik-UL-o-ukrepih-proti-nasilju-nadlegovanju-in-trpincenju.pdf\" target=\"_blank\" rel=\"noopener\">Rules on Measures against Violence, Harassment and Torture<\/a>.<\/strong><\/p>\n<p>&nbsp;<\/p>\n<p>At the Academy of Fine Arts and Design (UL ALUO), we are also committed to establish an academic environment in which there is no room for violence, sexual and other harassment or torture. Any behaviour or conduct that offends a person&#8217;s dignity, violates the individual&#8217;s personal rights and integrity, or creates a dangerous, intimidating, degrading, or hostile environment, is unacceptable. UL ALUO upholds an ever more active policy of creating and maintaining an academic environment that respects the dignity of all persons, regardless of their personal circumstances. All of us at the Academy have a duty to encourage and develop respectful cooperation and to strive for the peaceful resolution of potential disputes.<\/p>\n<p>&nbsp;<\/p>\n<p><strong>For your information, the trusted persons at UL ALUO are:<\/strong><\/p>\n<ul>\n<li>trusted person for sexual harassment, harassment or torture of non-teaching staff and students: <strong>Miriam Nin\u010devi\u0107 A\u017eman<\/strong>,\u00a0<a role=\"link\" href=\"mailto:miriam.nincevicazman@aluo.uni-lj.si\" target=\"_blank\" rel=\"noopener\">miriam.nincevicazman@aluo.uni-lj.si<\/a>;<\/li>\n<li>trusted person for sexual harassment, harassment or torture for pedagogical staff: <strong>Assoc. Prof. Mag. Jurij Smole<\/strong>,\u00a0<a role=\"link\" href=\"mailto:jurij.smole@aluo.uni-lj.si\" target=\"_blank\" rel=\"noopener\">jurij.smole@aluo.uni-lj.si<\/a>.<\/li>\n<\/ul>\n<p><strong>Mailboxes for anonymous complaints<\/strong> are accessible at Erjav\u010deva 23 and Dolenjska cesta 83.<\/p>\n<p>&nbsp;<\/p>\n<p><strong><a href=\"https:\/\/www.uni-lj.si\/en\/university\/equality-and-inclusion\/student-ombudsmans-office\" target=\"_blank\" rel=\"noopener\">Student Ombudsman\u2019s Office<\/a> and <a href=\"https:\/\/www.uni-lj.si\/en\/university\/equality-and-inclusion\/psychosocial-counselling-service\" target=\"_blank\" rel=\"noopener\">Psychosocial Counselling Centre for students and employees<\/a> are also available at the University of Ljubljana, you can find more information on equality and inclusion\u00a0here: <a href=\"https:\/\/www.uni-lj.si\/en\/university\/equality-and-inclusion\" target=\"_blank\" rel=\"noopener\"><strong>https:\/\/www.uni-lj.si\/en\/university\/equality-and-inclusion<\/strong><\/a><\/strong><\/p>\n<p>&nbsp;<\/p>\n<p><a href=\"https:\/\/aluo.uni-lj.si\/wp-content\/uploads\/2022\/02\/Pravilnik-UL-o-ukrepih-proti-nasilju-nadlegovanju-in-trpincenju.pdf\" target=\"_blank\" rel=\"noopener\">&gt;&gt;&gt; UL Rules on Measures against Violence, Harassment and Torture<\/a><\/p>\n","protected":false},"excerpt":{"rendered":"<p>The University of Ljubljana has adopted the Rules on Measures against Violence, Harassment and Torture. &nbsp; At the Academy of Fine Arts and Design (UL ALUO), we are also committed [&hellip;]<\/p>\n","protected":false},"author":31,"featured_media":0,"parent":7411,"menu_order":5,"comment_status":"closed","ping_status":"closed","template":"page-templates\/pomoc-v-stiski.php","meta":{"_acf_changed":false,"_editorskit_title_hidden":false,"_editorskit_reading_time":0,"_editorskit_is_block_options_detached":false,"_editorskit_block_options_position":"{}","_et_pb_use_builder":"","_et_pb_old_content":"","_et_gb_content_width":"","inline_featured_image":false,"_price":"","_stock":"","_tribe_ticket_header":"","_tribe_default_ticket_provider":"","_tribe_ticket_capacity":"0","_ticket_start_date":"","_ticket_end_date":"","_tribe_ticket_show_description":"","_tribe_ticket_show_not_going":false,"_tribe_ticket_use_global_stock":"","_tribe_ticket_global_stock_level":"","_global_stock_mode":"","_global_stock_cap":"","_tribe_rsvp_for_event":"","_tribe_ticket_going_count":"","_tribe_ticket_not_going_count":"","_tribe_tickets_list":"[]","_tribe_ticket_has_attendee_info_fields":false,"footnotes":"","_tec_slr_enabled":"","_tec_slr_layout":""},"class_list":["post-10741","page","type-page","status-publish","hentry"],"acf":[],"ticketed":false,"_links":{"self":[{"href":"https:\/\/www.aluo.uni-lj.si\/en\/wp-json\/wp\/v2\/pages\/10741","targetHints":{"allow":["GET"]}}],"collection":[{"href":"https:\/\/www.aluo.uni-lj.si\/en\/wp-json\/wp\/v2\/pages"}],"about":[{"href":"https:\/\/www.aluo.uni-lj.si\/en\/wp-json\/wp\/v2\/types\/page"}],"author":[{"embeddable":true,"href":"https:\/\/www.aluo.uni-lj.si\/en\/wp-json\/wp\/v2\/users\/31"}],"replies":[{"embeddable":true,"href":"https:\/\/www.aluo.uni-lj.si\/en\/wp-json\/wp\/v2\/comments?post=10741"}],"version-history":[{"count":4,"href":"https:\/\/www.aluo.uni-lj.si\/en\/wp-json\/wp\/v2\/pages\/10741\/revisions"}],"predecessor-version":[{"id":26231,"href":"https:\/\/www.aluo.uni-lj.si\/en\/wp-json\/wp\/v2\/pages\/10741\/revisions\/26231"}],"up":[{"embeddable":true,"href":"https:\/\/www.aluo.uni-lj.si\/en\/wp-json\/wp\/v2\/pages\/7411"}],"wp:attachment":[{"href":"https:\/\/www.aluo.uni-lj.si\/en\/wp-json\/wp\/v2\/media?parent=10741"}],"curies":[{"name":"wp","href":"https:\/\/api.w.org\/{rel}","templated":true}]}}