{"id":10735,"date":"2022-02-25T12:45:40","date_gmt":"2022-02-25T11:45:40","guid":{"rendered":"https:\/\/razvoj.aluo.uni-lj.si\/aluo\/deans-address\/"},"modified":"2026-03-27T17:16:44","modified_gmt":"2026-03-27T16:16:44","slug":"deans-address","status":"publish","type":"page","link":"https:\/\/www.aluo.uni-lj.si\/en\/aluo\/deans-address\/","title":{"rendered":"Dean&#8217;s address"},"content":{"rendered":"<p>[et_pb_section fb_built=&#8221;1&#8243; _builder_version=&#8221;4.16&#8243; _module_preset=&#8221;default&#8221; global_colors_info=&#8221;{}&#8221;][et_pb_row column_structure=&#8221;1_2,1_2&#8243; _builder_version=&#8221;4.16&#8243; _module_preset=&#8221;default&#8221; custom_margin=&#8221;|auto|-33px|auto||&#8221; custom_padding=&#8221;||0px|||&#8221; global_colors_info=&#8221;{}&#8221;][et_pb_column type=&#8221;1_2&#8243; _builder_version=&#8221;4.16&#8243; _module_preset=&#8221;default&#8221; global_colors_info=&#8221;{}&#8221;][et_pb_image src=&#8221;https:\/\/www.aluo.uni-lj.si\/wp-content\/uploads\/2026\/03\/Nagrada-3-scaled.jpg&#8221; title_text=&#8221;Nagrada 3&#8243; _builder_version=&#8221;4.27.5&#8243; _module_preset=&#8221;default&#8221; hover_enabled=&#8221;0&#8243; global_colors_info=&#8221;{}&#8221; sticky_enabled=&#8221;0&#8243; width=&#8221;95%&#8221;][\/et_pb_image][et_pb_text _builder_version=&#8221;4.27.5&#8243; _module_preset=&#8221;default&#8221; width=&#8221;95%&#8221; hover_enabled=&#8221;0&#8243; global_colors_info=&#8221;{}&#8221; sticky_enabled=&#8221;0&#8243;]<\/p>\n<h6>Academy of Fine Arts and Design, University of Ljubljana, received two<strong> ED.VITA 2026 Grand Prizes<\/strong>, a national award for sustainable initiatives and practices in higher education, for the project \u201cIllustrating the Invisible: Design for an Inclusive Society. Scientific Illustration for People with Visual Impairments&#8221; in the Research and Innovation category and for the project &#8220;Slu\u0161avidalke&#8221; in the Contribution to Society and the Environment category (photo: Katja Po\u0161trak).<\/h6>\n<p>&nbsp;<\/p>\n<p>[\/et_pb_text][et_pb_image src=&#8221;https:\/\/www.aluo.uni-lj.si\/wp-content\/uploads\/2026\/03\/6.-konferenca-KZTV_foto-Ziga-Gorisek-scaled.jpg&#8221; title_text=&#8221;6. konferenca KZTV_foto \u017diga Gori\u0161ek&#8221; _builder_version=&#8221;4.27.5&#8243; _module_preset=&#8221;default&#8221; width=&#8221;95%&#8221; hover_enabled=&#8221;0&#8243; global_colors_info=&#8221;{}&#8221; sticky_enabled=&#8221;0&#8243;][\/et_pb_image][et_pb_text _builder_version=&#8221;4.27.5&#8243; _module_preset=&#8221;default&#8221; custom_padding=&#8221;|113px||||&#8221; hover_enabled=&#8221;0&#8243; global_colors_info=&#8221;{}&#8221; sticky_enabled=&#8221;0&#8243; width=&#8221;95%&#8221;]<\/p>\n<h6>At the <strong>6th International Scientific Conference of the Department of Theoretical Sciences at the Academy of Fine Arts and Design, University of Ljubljana<\/strong>, titled \u201cBetween Eco-Agitprop and the Aestheticization of Environmental Ethics? The Role of Visual Arts in Addressing Environmental and Climate Change.\u201d It took place on September 24, 2025, in the Auditorium of the National Gallery (photo: \u017diga Gori\u0161ek).<\/h6>\n<p>[\/et_pb_text][et_pb_image src=&#8221;https:\/\/www.aluo.uni-lj.si\/wp-content\/uploads\/2026\/03\/Illustrating-2_rgb-scaled.jpg&#8221; alt=&#8221;Matej Kapus in Dora Rup\u010di\u0107, Mladinin Proglas Kulturni boj, 2021, prof. Bo\u0161tjan Kenda, izr. prof. Lozar Mrevlje, doc. Emil Kozole, Botteri&#8221; title_text=&#8221;Illustrating 2_rgb&#8221; _builder_version=&#8221;4.27.5&#8243; _module_preset=&#8221;default&#8221; width=&#8221;66.3%&#8221; hover_enabled=&#8221;0&#8243; global_colors_info=&#8221;{}&#8221; sticky_enabled=&#8221;0&#8243;][\/et_pb_image][et_pb_text _builder_version=&#8221;4.27.5&#8243; _module_preset=&#8221;default&#8221; width=&#8221;66.3%&#8221; hover_enabled=&#8221;0&#8243; global_colors_info=&#8221;{}&#8221; sticky_enabled=&#8221;0&#8243;]<\/p>\n<h6>In 2025, the long-awaited academic monograph <strong>Illustrating the Invisible: Towards an Inclusive Society for Blind and Partially Sighted<\/strong> was published. This is one of the outcomes of the Visual Literacy Research Program P5-0452 at the Academy of Fine Arts and Design, University of Ljubljana, which is co-funded by ARIS.<\/h6>\n<p>&nbsp;<\/p>\n<p>[\/et_pb_text][\/et_pb_column][et_pb_column type=&#8221;1_2&#8243; _builder_version=&#8221;4.16&#8243; _module_preset=&#8221;default&#8221; global_colors_info=&#8221;{}&#8221;][et_pb_text _builder_version=&#8221;4.27.5&#8243; _module_preset=&#8221;default&#8221; min_height=&#8221;536.2px&#8221; custom_margin=&#8221;||188px|||&#8221; global_colors_info=&#8221;{}&#8221;]<\/p>\n<p>The Academy of Fine Arts and Design of the University of Ljubljana (UL ALUO) is the oldest and leading Slovenian higher education institution in the fields of fine arts, design and conservation-restoration, which marked its eightieth anniversary in 2025.<\/p>\n<p>&nbsp;<\/p>\n<p>Despite numerous national and international achievements \u2013 of its students, alumni and staff alike \u2013 UL ALUO remains the only art academy of the University of Ljubljana that, notwithstanding its key national mission, still lacks adequately arranged spatial conditions. The need for a purpose-built facility that would support the specific requirements of pedagogical, artistic, research and experimental work therefore proves to be imperative.<\/p>\n<p>&nbsp;<\/p>\n<p>Yet our strength is already evident, even though we are dispersed across too many locations. Our students, alumni and staff shape our shared everyday life, critically interrogate the state of society and envision its future. It is precisely this last point that allows us to understand how exceptional and infused with youthful creative energy the Academy will be once we are finally brought together under one roof, where annual processes of education, research, experimentation and collaboration can take place at a single, shared location.<\/p>\n<p>&nbsp;<\/p>\n<p>Moreover, we firmly believe and advocate that contemporary, shared and purpose-built premises for UL ALUO would enable the delivery of internationally comparable, high-quality study and research processes, thereby ensuring continued competitiveness in both the regional and global academic and creative environments.<\/p>\n<p>&nbsp;<\/p>\n<p>As an educational, research and artistic institution, UL ALUO is committed to responding responsibly and proactively to social and environmental challenges. However, appropriate spatial conditions are a fundamental prerequisite for the development of new knowledge, competences and practices \u2013 which are not only essential for the disciplines we cultivate and advance, but are also of strategic importance for the wider Slovenian cultural, artistic, design and societal landscape.<\/p>\n<p>&nbsp;<\/p>\n<p>The new building is \u2013 and will remain \u2013 alongside sustainable development, the commitment to ensuring conditions for high-quality education, the further strengthening of research activity, and the establishment of the Academy\u2019s systematic integration into the international environment \u2013 the central guiding thread for the years ahead.<\/p>\n<p>&nbsp;<\/p>\n<p>Let us not forget: Things are only impossible until they are not.<\/p>\n<p>&nbsp;<\/p>\n<p>Assoc. Prof. Dr Barbara Predan, Dean<\/p>\n<p>[\/et_pb_text][\/et_pb_column][\/et_pb_row][\/et_pb_section]<\/p>\n","protected":false},"excerpt":{"rendered":"<p>Academy of Fine Arts and&#8230;<\/p>\n","protected":false},"author":31,"featured_media":0,"parent":7411,"menu_order":3,"comment_status":"closed","ping_status":"closed","template":"page-templates\/nagovor-dekana.php","meta":{"_acf_changed":false,"_editorskit_title_hidden":false,"_editorskit_reading_time":0,"_editorskit_is_block_options_detached":false,"_editorskit_block_options_position":"{}","_et_pb_use_builder":"on","_et_pb_old_content":"","_et_gb_content_width":"","inline_featured_image":false,"_price":"","_stock":"","_tribe_ticket_header":"","_tribe_default_ticket_provider":"","_tribe_ticket_capacity":"0","_ticket_start_date":"","_ticket_end_date":"","_tribe_ticket_show_description":"","_tribe_ticket_show_not_going":false,"_tribe_ticket_use_global_stock":"","_tribe_ticket_global_stock_level":"","_global_stock_mode":"","_global_stock_cap":"","_tribe_rsvp_for_event":"","_tribe_ticket_going_count":"","_tribe_ticket_not_going_count":"","_tribe_tickets_list":"[]","_tribe_ticket_has_attendee_info_fields":false,"footnotes":"","_tec_slr_enabled":"","_tec_slr_layout":""},"class_list":["post-10735","page","type-page","status-publish","hentry"],"acf":[],"ticketed":false,"_links":{"self":[{"href":"https:\/\/www.aluo.uni-lj.si\/en\/wp-json\/wp\/v2\/pages\/10735","targetHints":{"allow":["GET"]}}],"collection":[{"href":"https:\/\/www.aluo.uni-lj.si\/en\/wp-json\/wp\/v2\/pages"}],"about":[{"href":"https:\/\/www.aluo.uni-lj.si\/en\/wp-json\/wp\/v2\/types\/page"}],"author":[{"embeddable":true,"href":"https:\/\/www.aluo.uni-lj.si\/en\/wp-json\/wp\/v2\/users\/31"}],"replies":[{"embeddable":true,"href":"https:\/\/www.aluo.uni-lj.si\/en\/wp-json\/wp\/v2\/comments?post=10735"}],"version-history":[{"count":12,"href":"https:\/\/www.aluo.uni-lj.si\/en\/wp-json\/wp\/v2\/pages\/10735\/revisions"}],"predecessor-version":[{"id":26749,"href":"https:\/\/www.aluo.uni-lj.si\/en\/wp-json\/wp\/v2\/pages\/10735\/revisions\/26749"}],"up":[{"embeddable":true,"href":"https:\/\/www.aluo.uni-lj.si\/en\/wp-json\/wp\/v2\/pages\/7411"}],"wp:attachment":[{"href":"https:\/\/www.aluo.uni-lj.si\/en\/wp-json\/wp\/v2\/media?parent=10735"}],"curies":[{"name":"wp","href":"https:\/\/api.w.org\/{rel}","templated":true}]}}